{"id":281,"date":"2025-05-29T10:05:42","date_gmt":"2025-05-29T10:05:42","guid":{"rendered":"https:\/\/s3x.com.br\/shop\/?post_type=product&#038;p=281"},"modified":"2026-04-04T23:42:22","modified_gmt":"2026-04-04T23:42:22","slug":"penis-em-cyberskin-com-vibrabor-multivelocidade-realistic-cock-16-x-3cm-bege","status":"publish","type":"product","link":"https:\/\/s3x.com.br\/shop\/produto\/penis-em-cyberskin-com-vibrabor-multivelocidade-realistic-cock-16-x-3cm-bege\/","title":{"rendered":"P\u00eanis em Cyberskin com Vibrabor Multivelocidade Realistic Cock 16 x 3cm Bege"},"content":{"rendered":"<p class=\"txt-description-custom\"><strong>Realistic Cock<\/strong>\u00a0\u00e9 um\u00a0<strong>p\u00eanis com vibrador<\/strong>, possui formato atraente e real\u00edstico que permite uma estimula\u00e7\u00e3o intensa e prazerosa. Composto por um poderoso vibrador multivelocidade. \u00c9 um brinquedo perfeito para penetra\u00e7\u00e3o vaginal ou anal. Seu uso \u00e9 unissex, agradando tanto a ela quanto a ele.<\/p>\n<p class=\"txt-description-custom\">Desenvolvido em material macio e at\u00f3xico conhecido como cyberskin que simula com perfei\u00e7\u00e3o a pele humana. Na composi\u00e7\u00e3o qu\u00edmica do cyberskin, os \u00e1tomos se ligam com elasticidade. Isso significa que a mem\u00f3ria at\u00f4mica do cyberskin permite que o produto seja male\u00e1vel, exatamente como a pele humana e ainda recupera seu formato original instantaneamente.<\/p>\n<h2 class=\"subtitle-custom\"><strong>Como usar?<\/strong><\/h2>\n<p class=\"txt-description-custom\">Abra a embalagem, retire seu produto. Antes de utiliz\u00e1-lo pela primeira vez, higienize-o com sab\u00e3o l\u00edquido neutro. Evite o contato da \u00e1gua com o compartimento das pilhas. Seque com papel toalha descart\u00e1vel ou deixe secar naturalmente. Para maior durabilidade repita este procedimento a cada uso.<\/p>\n<p class=\"txt-description-custom\">Abra a tampa do compartimento de pilhas, insira 02 pilhas modelo AAA na posi\u00e7\u00e3o indicada. Feche a tampa. Gire o bot\u00e3o no sentido hor\u00e1rio para ligar e controlar a intensidade da vibra\u00e7\u00e3o. Ap\u00f3s o uso recomenda-se retirar a pilha.<\/p>\n<p class=\"txt-description-custom\">Recomend\u00e1vel utilize um lubrificante \u00e0 base de \u00e1gua para facilitar a penetra\u00e7\u00e3o e obter um deslize mais suave. Use com\u00a0<strong>preservativo<\/strong>.<\/p>\n<p class=\"txt-description-custom\">Sempre antes e ap\u00f3s utilizar o produto realize a limpeza com \u00e1gua e sabonete neutro ou\u00a0<strong>higienizador de produto er\u00f3tico<\/strong>. Seque com papel ou toalha e deixe secar naturalmente. Para maior durabilidade do produto repita este procedimento a cada uso.<\/p>\n","protected":false},"excerpt":{"rendered":"<p><strong>Realistic Cock<\/strong>\u00a0\u00e9 um\u00a0<strong>p\u00eanis com vibrador<\/strong>, possui formato atraente e real\u00edstico que permite uma estimula\u00e7\u00e3o intensa e prazerosa. Composto por um poderoso vibrador multivelocidade. \u00c9 um brinquedo perfeito para penetra\u00e7\u00e3o vaginal ou anal. Seu uso \u00e9 unissex, agradando tanto a ela quanto a ele.<\/p>\n","protected":false},"featured_media":282,"template":"","meta":[],"product_brand":[],"product_cat":[25],"product_tag":[],"class_list":{"0":"post-281","1":"product","2":"type-product","3":"status-publish","4":"has-post-thumbnail","6":"product_cat-vibradores-e-estimuladores","8":"first","9":"instock","10":"taxable","11":"shipping-taxable","12":"purchasable","13":"product-type-simple"},"jetpack_sharing_enabled":true,"_links":{"self":[{"href":"https:\/\/s3x.com.br\/shop\/wp-json\/wp\/v2\/product\/281","targetHints":{"allow":["GET"]}}],"collection":[{"href":"https:\/\/s3x.com.br\/shop\/wp-json\/wp\/v2\/product"}],"about":[{"href":"https:\/\/s3x.com.br\/shop\/wp-json\/wp\/v2\/types\/product"}],"wp:featuredmedia":[{"embeddable":true,"href":"https:\/\/s3x.com.br\/shop\/wp-json\/wp\/v2\/media\/282"}],"wp:attachment":[{"href":"https:\/\/s3x.com.br\/shop\/wp-json\/wp\/v2\/media?parent=281"}],"wp:term":[{"taxonomy":"product_brand","embeddable":true,"href":"https:\/\/s3x.com.br\/shop\/wp-json\/wp\/v2\/product_brand?post=281"},{"taxonomy":"product_cat","embeddable":true,"href":"https:\/\/s3x.com.br\/shop\/wp-json\/wp\/v2\/product_cat?post=281"},{"taxonomy":"product_tag","embeddable":true,"href":"https:\/\/s3x.com.br\/shop\/wp-json\/wp\/v2\/product_tag?post=281"}],"curies":[{"name":"wp","href":"https:\/\/api.w.org\/{rel}","templated":true}]}}