{"id":277,"date":"2025-05-29T09:45:57","date_gmt":"2025-05-29T09:45:57","guid":{"rendered":"https:\/\/s3x.com.br\/shop\/?post_type=product&#038;p=277"},"modified":"2025-05-29T10:04:09","modified_gmt":"2025-05-29T10:04:09","slug":"vibrador-para-clitoris-moxie-by-we-vibe-preto","status":"publish","type":"product","link":"https:\/\/s3x.com.br\/shop\/produto\/vibrador-para-clitoris-moxie-by-we-vibe-preto\/","title":{"rendered":"Vibrador para Clit\u00f3ris Moxie by We-Vibe Preto"},"content":{"rendered":"<p class=\"txt-description-custom\"><strong>Conte\u00fado:<\/strong><\/p>\n<ul class=\"a-custom\">\n<li class=\"a-custom\">Vibrador para Clit\u00f3ris<\/li>\n<li class=\"a-custom\">10 Modos de Vibra\u00e7\u00f5es<\/li>\n<li class=\"a-custom\">Controle sem fio<\/li>\n<li class=\"a-custom\">Acesso por Aplicativo<\/li>\n<li class=\"a-custom\">Feito em Silicone Seguro<\/li>\n<li class=\"a-custom\">\u00c0 prova de \u00e1gua<\/li>\n<li class=\"a-custom\">Tamanho Aproximado: 9,2 x 2,8 cm<\/li>\n<\/ul>\n<p>&nbsp;<\/p>\n<p class=\"txt-description-custom\"><strong>vibrador para clit\u00f3ris<\/strong>\u00a0<strong>We-Vibe Moxie<\/strong>\u00a0\u00e9 um vibrador para calcinha recarreg\u00e1vel confeccionado em silicone at\u00f3xico que n\u00e3o faz mal a pele com 10 modos de vibra\u00e7\u00e3o controlado por controle remoto sem fio, que possui um alcance de at\u00e9 3 metros. Possui uma tecnologia Bluetooth para que voc\u00ea controle seu vibrador por meio de um aplicativo no seu celular, liberando um link para compartilhar com seu amor que pode estar em outro lugar ou do outro lado mundo. Com seu design confort\u00e1vel voc\u00ea poder\u00e1 utilizar esse vibrador o dia todo e ser surpreendida \u00e0 qualquer momento!<\/p>\n<p class=\"txt-description-custom\">Possui um modo de hiberna\u00e7\u00e3o que preserva a bateria quando ele est\u00e1 a mais de 30 minutos de inatividade, podendo ser prorrogado por at\u00e9 4 horas para entrar em modo hiberna\u00e7\u00e3o.<\/p>\n<p class=\"txt-description-custom\">Seu parceiro pode entrar nessa prazerosa brincadeira atrav\u00e9s do aplicativo &#8220;We-Connect&#8221;, que possibilita o controle das vibra\u00e7\u00f5es de qualquer lugar do mundo! O aplicativo possibilita tamb\u00e9m ajustar a intensidade das vibra\u00e7\u00f5es de maneira diferente. E mais, voc\u00ea poder\u00e1 criar listas de reprodu\u00e7\u00e3o personalizadas e ilimitadas.<\/p>\n<p class=\"txt-description-custom\">Dispensa pilhas e baterias, pois possui carregador magn\u00e9tico com sa\u00edda USB. Basta encostar o carregador no local de carga do vibrador que eles grudar\u00e3o em raz\u00e3o dos im\u00e3s embutidos. A sa\u00edda USB possibilita que seja carregado em qualquer computador ou notebook.<\/p>\n<p>&nbsp;<\/p>\n<h2 class=\"subtitle-custom\"><strong>Para que serve?<\/strong><\/h2>\n<p class=\"txt-description-custom\">Para a realiza\u00e7\u00e3o de deliciosas\u00a0<a title=\"Massagens Er\u00f3ticas\" href=\"https:\/\/www.lojadoprazer.com.br\/c\/massageador-erotico\"><strong>massagens er\u00f3ticas<\/strong><\/a>\u00a0sozinha ou acompanhada. Ideal para o uso diretamente no clit\u00f3ris e demais zonas er\u00f3genas.<\/p>\n<p>&nbsp;<\/p>\n<h2 class=\"subtitle-custom\"><strong>Como usar?<\/strong><\/h2>\n<p><center><img decoding=\"async\" title=\"We-Vibe Moxie\" src=\"https:\/\/www.lojadoprazer.com.br\/lojas\/00000343\/prod\/descri\/16785_d1.jpg\" alt=\"We-Vibe Moxie\" \/><\/center><\/p>\n<p class=\"txt-description-custom\">Recarreg\u00e1vel por carregador magn\u00e9tico. Para ligar ou desligar pressione por aproximadamente 3 segundos o bot\u00e3o no vibrador. Para alterar as vibra\u00e7\u00f5es voc\u00ea pode alterar pelo pr\u00f3prio pressionando o mesmo bot\u00e3o ou pelo controle remoto. Para parear seu vibrador com o celular baixe o aplicativo clicando aqui, ligue o Bluetooth de seu celular, pareie seu vibrador com seu celular e divirta-se.<\/p>\n<p class=\"txt-description-custom\">Recomend\u00e1vel utilize um lubrificante \u00e0 base de \u00e1gua para facilitar a penetra\u00e7\u00e3o e obter um deslize mais suave. Use com\u00a0<a title=\"preservativo\" href=\"https:\/\/www.lojadoprazer.com.br\/c\/preservativo\"><strong>preservativo<\/strong><\/a>.<\/p>\n<p class=\"txt-description-custom\">Sempre antes e ap\u00f3s utilizar o produto realize a limpeza com \u00e1gua e sabonete neutro ou\u00a0<a title=\"Higienizador de Produto Er\u00f3tico\" href=\"https:\/\/www.lojadoprazer.com.br\/c\/higienizador-de-vibrador\"><strong>higienizador de produto er\u00f3tico<\/strong><\/a>. Seque com papel ou toalha e deixe secar naturalmente. Para maior durabilidade do produto repita este procedimento a cada uso.<\/p>\n","protected":false},"excerpt":{"rendered":"<p>Ele \u00e9 potente e super silencioso, a combina\u00e7\u00e3o mais desejada por qualquer mulher em um vibrador. Total sigilo para usar \u00e0 qualquer momento sem se preocupar. Possui uma seguran\u00e7a avan\u00e7ada impedindo que aparelhos exteriores interfira e cause com seu vibrador. Possui um sistema de im\u00e3s para fixar o vibrador a calcinha e n\u00e3o escorregue durante o dia. Ele \u00e9 resistente \u00e0 \u00e1gua, isso significa que ele pode ser lavado, mas n\u00e3o imergido sobre \u00e0 \u00e1gua.<\/p>\n","protected":false},"featured_media":278,"template":"","meta":[],"product_brand":[],"product_cat":[25],"product_tag":[],"class_list":{"0":"post-277","1":"product","2":"type-product","3":"status-publish","4":"has-post-thumbnail","6":"product_cat-vibradores-e-estimuladores","8":"first","9":"instock","10":"sale","11":"taxable","12":"shipping-taxable","13":"purchasable","14":"product-type-simple"},"jetpack_sharing_enabled":true,"_links":{"self":[{"href":"https:\/\/s3x.com.br\/shop\/wp-json\/wp\/v2\/product\/277","targetHints":{"allow":["GET"]}}],"collection":[{"href":"https:\/\/s3x.com.br\/shop\/wp-json\/wp\/v2\/product"}],"about":[{"href":"https:\/\/s3x.com.br\/shop\/wp-json\/wp\/v2\/types\/product"}],"wp:featuredmedia":[{"embeddable":true,"href":"https:\/\/s3x.com.br\/shop\/wp-json\/wp\/v2\/media\/278"}],"wp:attachment":[{"href":"https:\/\/s3x.com.br\/shop\/wp-json\/wp\/v2\/media?parent=277"}],"wp:term":[{"taxonomy":"product_brand","embeddable":true,"href":"https:\/\/s3x.com.br\/shop\/wp-json\/wp\/v2\/product_brand?post=277"},{"taxonomy":"product_cat","embeddable":true,"href":"https:\/\/s3x.com.br\/shop\/wp-json\/wp\/v2\/product_cat?post=277"},{"taxonomy":"product_tag","embeddable":true,"href":"https:\/\/s3x.com.br\/shop\/wp-json\/wp\/v2\/product_tag?post=277"}],"curies":[{"name":"wp","href":"https:\/\/api.w.org\/{rel}","templated":true}]}}