{"id":270,"date":"2025-05-29T09:16:51","date_gmt":"2025-05-29T09:16:51","guid":{"rendered":"https:\/\/s3x.com.br\/shop\/?post_type=product&#038;p=270"},"modified":"2025-05-29T09:28:35","modified_gmt":"2025-05-29T09:28:35","slug":"vibrador-bullet-em-silicone-multivelocidade-recarregavel-com-10-vibracoes-blue-azul","status":"publish","type":"product","link":"https:\/\/s3x.com.br\/shop\/produto\/vibrador-bullet-em-silicone-multivelocidade-recarregavel-com-10-vibracoes-blue-azul\/","title":{"rendered":"Vibrador Bullet em Silicone Multivelocidade Recarreg\u00e1vel com 10 Vibra\u00e7\u00f5es BLUE Azul"},"content":{"rendered":"<p class=\"txt-description-custom\"><strong>Go Vibe Blue<\/strong>\u00a0\u00e9 para voc\u00ea vibrar e explorar o m\u00e1ximo o que o prazer pode oferecer.\u00a0<a title=\"C\u00e1psula Vibrat\u00f3ria\" href=\"https:\/\/www.lojadoprazer.com.br\/c\/vibrador-feminino\"><strong>C\u00e1psula vibrat\u00f3ria<\/strong><\/a>\u00a0discreta no tamanho, mas capaz de elevar seu prazer e satisfa\u00e7\u00e3o. Tamanho pocket para oferecer maior discri\u00e7\u00e3o e vibra\u00e7\u00e3o adequada durante o manuseio. Seu revestimento em silicone macio permite o contato corporal seguro, confort\u00e1vel e extremamente prazeroso. Go Vibe Blue possui design elegante e agrad\u00e1vel at\u00e9 no olhar. Perfeito para uma deliciosa brincadeira a dois ou para explorar novas \u00e1reas er\u00f3genas do pr\u00f3prio corpo.<\/p>\n<p class=\"txt-description-custom\">Motor potente e silencioso oferece 10 est\u00e1gios de vibra\u00e7\u00e3o que oferecem o melhor no quesito prazer. Seu formato esguio destaca-se pela extremidade flex\u00edvel que se movimenta conforme a vibra\u00e7\u00e3o permitindo explorar com precis\u00e3o pontos er\u00f3genos com total conforto e muito prazer. Acabamento impec\u00e1vel o torna elegantemente belo com design moderno e imponente. Produto confeccionado em ABS revestida por silicone at\u00f3xico 100% seguro para voc\u00ea desfrutar sem se preocupar com eventuais malef\u00edcios \u00e0 sa\u00fade.<\/p>\n<p class=\"txt-description-custom\">Go Vibe Blue \u00e9 uma c\u00e1psula de uso unissex, ou seja, para o casal. Seu revestimento em silicone macio com toque aveludado itensificam o prazer para pontos er\u00f3genos femininos como clit\u00f3ris, seios, etc. Para o homem pode-se estimular o p\u00eanis e principalmente a regi\u00e3o da glande. Tamb\u00e9m pode-se explorar outros pontos er\u00f3genos de todo o corpo gra\u00e7as ao toque suave e, ao mesmo tempo, estimulante.<\/p>\n<p class=\"txt-description-custom\">Resistente \u00e0 \u00e1gua permitindo uma higieniza\u00e7\u00e3o simples e descomplicada. Go Vibe Blue \u00e9 amigo da natureza, recarreg\u00e1vel utilizando energia renov\u00e1vel sem o uso de pilhas ou baterias. Higieniza\u00e7\u00e3o simples e descomplicada confere a este produto enorme praticidade de manuseio e conserva\u00e7\u00e3o. Vibre com Go Vibe Blue.<\/p>\n<p>&nbsp;<\/p>\n<h2 class=\"subtitle-custom\"><strong>Para que serve?<\/strong><\/h2>\n<p class=\"txt-description-custom\">Ideal para realizar os seus desejos de forma extremamente prazerosa. Indicado para penetra\u00e7\u00e3o vaginal, \u00e9 um\u00a0<a title=\"Acess\u00f3rio Er\u00f3tico\" href=\"https:\/\/www.lojadoprazer.com.br\/c\/acessorio-erotico\"><strong>acess\u00f3rio er\u00f3tico<\/strong><\/a>\u00a0que lhe proporcionar\u00e1 um prazer intenso. Tamb\u00e9m para realiza\u00e7\u00e3o de deliciosas massagens er\u00f3ticas, pode ser usado para possibilitar \u00e0s mulheres na estimula\u00e7\u00f5es do clit\u00f3ris com as poderosas vibra\u00e7\u00f5es.<\/p>\n<p>&nbsp;<\/p>\n<h2 class=\"subtitle-custom\"><strong>Como usar?<\/strong><\/h2>\n<p class=\"txt-description-custom\">Abra a embalagem, retire seu Go Vibe Blue . Antes de utiliz\u00e1-o pela primeira vez, higienize-o com sabonete neutro. Seque com papel toalha descart\u00e1vel ou deixe secar naturalmente. Para maior durabilidade de seu Go Vibe Blue repita este procedimento a cada uso. Obrigat\u00f3rio que a primeira carga seja de 04 horas, isso garante o correto funcionamento do aparelho.<\/p>\n<p class=\"txt-description-custom\">Pressione o bot\u00e3o POWER por 3 segundos para ligar\/desligar o vibrador e pressione repetidamente para alternar os 10 diferentes est\u00e1gios de vibra\u00e7\u00e3o. Go Vibe Blue pode ser recarregado em qualquer fonte USB de carga, insira com cuidado o pino do carregador na entrada logo acima do bot\u00e3o POWER<\/p>\n<p class=\"txt-description-custom\">Recomend\u00e1vel utilize um lubrificante \u00e0 base de \u00e1gua para facilitar a penetra\u00e7\u00e3o e obter um deslize mais suave. Use com\u00a0<a title=\"preservativo\" href=\"https:\/\/www.lojadoprazer.com.br\/c\/preservativo\"><strong>preservativo<\/strong><\/a>.<\/p>\n<p class=\"txt-description-custom\">Sempre antes e ap\u00f3s utilizar o produto realize a limpeza com \u00e1gua e sabonete neutro ou\u00a0<a title=\"Higienizador de Produto Er\u00f3tico\" href=\"https:\/\/www.lojadoprazer.com.br\/c\/higienizador-de-vibrador\"><strong>higienizador de produto er\u00f3tico<\/strong><\/a>. Seque com papel ou toalha e deixe secar naturalmente. Para maior durabilidade do produto repita este procedimento a cada uso.<\/p>\n","protected":false},"excerpt":{"rendered":"<p>O tamanho Pocket transforma Go Vibe Blue em um objeto muito desejado para viagens podendo permanecer com total discri\u00e7\u00e3o em sua bolsa ou necessaire. Mesmo se esquecida em cima da mesa ou cama n\u00e3o vai causar nenhum constrangimento, Go Vibe Blue \u00e9 atraente e belo. Manuseio simples e descomplicado, com apenas um bot\u00e3o \u00e9 poss\u00edvel acionar a vibra\u00e7\u00e3o e alternar os est\u00e1gios de vibra\u00e7\u00e3o. Pr\u00e1tico e usual como deve ser.<\/p>\n","protected":false},"featured_media":271,"template":"","meta":[],"product_brand":[],"product_cat":[21,25],"product_tag":[],"class_list":{"0":"post-270","1":"product","2":"type-product","3":"status-publish","4":"has-post-thumbnail","6":"product_cat-outros-artigos","7":"product_cat-vibradores-e-estimuladores","9":"first","10":"instock","11":"sale","12":"taxable","13":"shipping-taxable","14":"purchasable","15":"product-type-simple"},"jetpack_sharing_enabled":true,"_links":{"self":[{"href":"https:\/\/s3x.com.br\/shop\/wp-json\/wp\/v2\/product\/270","targetHints":{"allow":["GET"]}}],"collection":[{"href":"https:\/\/s3x.com.br\/shop\/wp-json\/wp\/v2\/product"}],"about":[{"href":"https:\/\/s3x.com.br\/shop\/wp-json\/wp\/v2\/types\/product"}],"wp:featuredmedia":[{"embeddable":true,"href":"https:\/\/s3x.com.br\/shop\/wp-json\/wp\/v2\/media\/271"}],"wp:attachment":[{"href":"https:\/\/s3x.com.br\/shop\/wp-json\/wp\/v2\/media?parent=270"}],"wp:term":[{"taxonomy":"product_brand","embeddable":true,"href":"https:\/\/s3x.com.br\/shop\/wp-json\/wp\/v2\/product_brand?post=270"},{"taxonomy":"product_cat","embeddable":true,"href":"https:\/\/s3x.com.br\/shop\/wp-json\/wp\/v2\/product_cat?post=270"},{"taxonomy":"product_tag","embeddable":true,"href":"https:\/\/s3x.com.br\/shop\/wp-json\/wp\/v2\/product_tag?post=270"}],"curies":[{"name":"wp","href":"https:\/\/api.w.org\/{rel}","templated":true}]}}