{"id":266,"date":"2025-05-29T08:51:55","date_gmt":"2025-05-29T08:51:55","guid":{"rendered":"https:\/\/s3x.com.br\/shop\/?post_type=product&#038;p=266"},"modified":"2025-05-29T09:28:46","modified_gmt":"2025-05-29T09:28:46","slug":"vibrador-bullet-capsula-vibratoria","status":"publish","type":"product","link":"https:\/\/s3x.com.br\/shop\/produto\/vibrador-bullet-capsula-vibratoria\/","title":{"rendered":"Vibrador Bullet C\u00e1psula Vibrat\u00f3ria"},"content":{"rendered":"<p>Lindo\u00a0<strong>vibrador em c\u00e1psula<\/strong>, possui vibra\u00e7\u00e3o controlada por controle com fio, \u00f3timo\u00a0para ser usado como estimulador de clit\u00f3ris.<\/p>\n<p>Utiliza 2\u00a0<strong>pilhas<\/strong>\u00a0&#8220;AA&#8221; N\u00e3o inclusas.<br \/>\nMaterial: PVC.<br \/>\nMedida da c\u00e1psula: 5x2x2 cm Di\u00e2metro: 2cm<br \/>\nEmbalagem: Saco Pl\u00e1stico e\/ou caixa de papel<br \/>\nPrecau\u00e7\u00f5es: Lave antes e ap\u00f3s o uso com \u00e0gua e sab\u00e3o neutro.<br \/>\nPara a satisfa\u00e7\u00e3o ser completa, utilize sempre o produto com lubrificante e preservativo.<\/p>\n<h3>O mais barato<\/h3>\n<p>Ideal para iniciantes que queiram experimentar vibrador pela primeira vez. Op\u00e7\u00e3o muito econ\u00f4mica e eficiente para massagear e conhecer a pr\u00f3pria vagina.<br \/>\nDiscreto, pode ser guardado facilmente na bolsa, ou na gaveta. Tamb\u00e9m \u00e9 uma \u00f3tima op\u00e7\u00e3o para usar acompanhada.<\/p>\n<p>Veja tamb\u00e9m outros modelos de vibrador bullet em nosso site.<br \/>\nSomos a sua loja de vibradores na internet para todo Brasil.<\/p>\n<p>OBS: CORES DIVERSAS SEM OP\u00c7\u00c3O DE ESOLHA, COR ENVIADA CONFORME DISPONIBILIDADE DE ESTOQUE.<\/p>\n","protected":false},"excerpt":{"rendered":"<p>Lindo\u00a0<strong>vibrador em c\u00e1psula<\/strong>, possui vibra\u00e7\u00e3o controlada por controle com fio, \u00f3timo\u00a0para ser usado como estimulador de clit\u00f3ris.<\/p>\n","protected":false},"featured_media":267,"template":"","meta":[],"product_brand":[],"product_cat":[21,25],"product_tag":[],"class_list":{"0":"post-266","1":"product","2":"type-product","3":"status-publish","4":"has-post-thumbnail","6":"product_cat-outros-artigos","7":"product_cat-vibradores-e-estimuladores","9":"first","10":"instock","11":"sale","12":"taxable","13":"shipping-taxable","14":"purchasable","15":"product-type-simple"},"jetpack_sharing_enabled":true,"_links":{"self":[{"href":"https:\/\/s3x.com.br\/shop\/wp-json\/wp\/v2\/product\/266","targetHints":{"allow":["GET"]}}],"collection":[{"href":"https:\/\/s3x.com.br\/shop\/wp-json\/wp\/v2\/product"}],"about":[{"href":"https:\/\/s3x.com.br\/shop\/wp-json\/wp\/v2\/types\/product"}],"wp:featuredmedia":[{"embeddable":true,"href":"https:\/\/s3x.com.br\/shop\/wp-json\/wp\/v2\/media\/267"}],"wp:attachment":[{"href":"https:\/\/s3x.com.br\/shop\/wp-json\/wp\/v2\/media?parent=266"}],"wp:term":[{"taxonomy":"product_brand","embeddable":true,"href":"https:\/\/s3x.com.br\/shop\/wp-json\/wp\/v2\/product_brand?post=266"},{"taxonomy":"product_cat","embeddable":true,"href":"https:\/\/s3x.com.br\/shop\/wp-json\/wp\/v2\/product_cat?post=266"},{"taxonomy":"product_tag","embeddable":true,"href":"https:\/\/s3x.com.br\/shop\/wp-json\/wp\/v2\/product_tag?post=266"}],"curies":[{"name":"wp","href":"https:\/\/api.w.org\/{rel}","templated":true}]}}