{"id":259,"date":"2025-05-29T08:08:22","date_gmt":"2025-05-29T08:08:22","guid":{"rendered":"https:\/\/s3x.com.br\/shop\/?post_type=product&#038;p=259"},"modified":"2025-05-29T08:09:02","modified_gmt":"2025-05-29T08:09:02","slug":"vibrador-para-clitoris-yva-em-ouro-18-quilates","status":"publish","type":"product","link":"https:\/\/s3x.com.br\/shop\/produto\/vibrador-para-clitoris-yva-em-ouro-18-quilates\/","title":{"rendered":"Vibrador para Clit\u00f3ris Yva em Ouro 18 Quilates"},"content":{"rendered":"<p class=\"txt-description-custom\"><strong>Yva<\/strong>\u00a0by\u00a0<strong>Lelo<\/strong>\u00a0\u00e9 um elegante e luxuoso\u00a0<strong>vibrador para clit\u00f3ris<\/strong>\u00a0desenvolvida artesanalmente est\u00e1 dispon\u00edvel em a\u00e7o inoxid\u00e1vel e banhada em ouro de 18 quilates para que voc\u00ea desfrute de combina\u00e7\u00f5es deliciosas de prazer. Seu design curvado oferece uma ponta achatada para massagear as zonas er\u00f3genas externas.<\/p>\n<p class=\"txt-description-custom\">Pelas melhores coisas da vida vale a pena esperar. A segunda melhor coisa \u00e9 produzida com perfei\u00e7\u00e3o. Nossos itens de luxo s\u00e3o projetados para aqueles que buscam magia di\u00e1ria e entendem que coisas boas levam tempo. Uma vez que voc\u00ea se comprometa com a sua nova satisfa\u00e7\u00e3o favorita. Feito 100% artesanalmente com amor, para o mais importante ato de amor.<\/p>\n<p class=\"txt-description-custom\"><strong>Vis\u00e3o Geral:<\/strong>\u00a0\u00c9 um objeto de prazer dedicado com uma extremidade precisamente projetado para alcan\u00e7ar e estimular o clit\u00f3ris, e a outra feita para uso er\u00f3tico convencional. Para a maioria, prazer sustentado e criativo. Concebida apenas como um brinquedo para adultos, ela \u00e9 maravilhosamente suave, suas duas extremidades feitas individualmente, permitindo uma experi\u00eancia e uma explora\u00e7\u00e3o mais completa de seus desejos.<\/p>\n<p class=\"txt-description-custom\">Yva foi projetado para ser usado da maneira que seu humor leva voc\u00ea. Para massagem do clit\u00f3ris, insira Yva de modo que ela se curva naturalmente para cima em voc\u00ea, apontando para o parede superior da vagina, onde se encontra a \u00e1rea do clit\u00f3ris. Suavemente trabalhe at\u00e9 que ela pressione confortavelmente contra seu clit\u00f3ris, e variar seus movimentos, aplicando a press\u00e3o que voc\u00ea achar mais agrad\u00e1vel. Alternativamente, sua outra extremidade \u00e9 aturalmente curvado para uso convencional.<\/p>\n<h2 class=\"subtitle-custom\"><strong>Para que serve?<\/strong><\/h2>\n<p class=\"txt-description-custom\">Para a realiza\u00e7\u00e3o de deliciosas\u00a0<a title=\"Massagens Er\u00f3ticas\" href=\"https:\/\/www.lojadoprazer.com.br\/c\/massageador-erotico\"><strong>massagens er\u00f3ticas<\/strong><\/a>\u00a0sozinha ou acompanhada. Ideal para o uso diretamente no clit\u00f3ris e demais zonas er\u00f3genas.<\/p>\n<p>&nbsp;<\/p>\n<h2 class=\"subtitle-custom\"><strong>Como usar?<\/strong><\/h2>\n<p class=\"txt-description-custom\">Sempre carregue o seu LELO antes de usar pela primeira vez. Use somente carregadores originais oferecidos pela LELO. Antes de recarregar o seu produto, tenha certeza que a entrada DC n\u00e3o cont\u00eam res\u00edduos de \u00e1gua ou lubrificante.<\/p>\n<p class=\"txt-description-custom\">Para ligar e aumentar a intensidade das vibra\u00e7\u00f5es, pressione o bot\u00e3o + (na parte de baixo a direita para ligar\/desligar) Para mudar os modos de vibra\u00e7\u00e3o pressione e segure o bot\u00e3o + por 2 segundos. Para retornar para as vibra\u00e7\u00f5es continuas, pressione o bot\u00e3o \u2013 uma vez. Segure esse bot\u00e3o para reduzir a intensidade at\u00e9 desligar o seu LELO.<\/p>\n<p class=\"txt-description-custom\">Recomend\u00e1vel utilize um lubrificante \u00e0 base de \u00e1gua para facilitar a penetra\u00e7\u00e3o e obter um deslize mais suave. Use com\u00a0<a title=\"preservativo\" href=\"https:\/\/www.lojadoprazer.com.br\/c\/preservativo\"><strong>preservativo<\/strong><\/a>.<\/p>\n<p class=\"txt-description-custom\">Sempre antes e ap\u00f3s utilizar o produto realize a limpeza com \u00e1gua e sabonete neutro ou\u00a0<a title=\"Higienizador de Produto Er\u00f3tico\" href=\"https:\/\/www.lojadoprazer.com.br\/c\/higienizador-de-vibrador\"><strong>higienizador de produto er\u00f3tico<\/strong><\/a>. Seque com papel ou toalha e deixe secar naturalmente. Para maior durabilidade do produto repita este procedimento a cada uso.<\/p>\n","protected":false},"excerpt":{"rendered":"<p>Pelas melhores coisas da vida vale a pena esperar. A segunda melhor coisa \u00e9 produzida com perfei\u00e7\u00e3o. Nossos itens de luxo s\u00e3o projetados para aqueles que buscam magia di\u00e1ria e entendem que coisas boas levam tempo. Uma vez que voc\u00ea se comprometa com a sua nova satisfa\u00e7\u00e3o favorita. Feito 100% artesanalmente com amor, para o mais importante ato de amor.<\/p>\n","protected":false},"featured_media":260,"template":"","meta":[],"product_brand":[],"product_cat":[25],"product_tag":[],"class_list":{"0":"post-259","1":"product","2":"type-product","3":"status-publish","4":"has-post-thumbnail","6":"product_cat-vibradores-e-estimuladores","8":"first","9":"instock","10":"sale","11":"taxable","12":"shipping-taxable","13":"purchasable","14":"product-type-simple"},"jetpack_sharing_enabled":true,"_links":{"self":[{"href":"https:\/\/s3x.com.br\/shop\/wp-json\/wp\/v2\/product\/259","targetHints":{"allow":["GET"]}}],"collection":[{"href":"https:\/\/s3x.com.br\/shop\/wp-json\/wp\/v2\/product"}],"about":[{"href":"https:\/\/s3x.com.br\/shop\/wp-json\/wp\/v2\/types\/product"}],"wp:featuredmedia":[{"embeddable":true,"href":"https:\/\/s3x.com.br\/shop\/wp-json\/wp\/v2\/media\/260"}],"wp:attachment":[{"href":"https:\/\/s3x.com.br\/shop\/wp-json\/wp\/v2\/media?parent=259"}],"wp:term":[{"taxonomy":"product_brand","embeddable":true,"href":"https:\/\/s3x.com.br\/shop\/wp-json\/wp\/v2\/product_brand?post=259"},{"taxonomy":"product_cat","embeddable":true,"href":"https:\/\/s3x.com.br\/shop\/wp-json\/wp\/v2\/product_cat?post=259"},{"taxonomy":"product_tag","embeddable":true,"href":"https:\/\/s3x.com.br\/shop\/wp-json\/wp\/v2\/product_tag?post=259"}],"curies":[{"name":"wp","href":"https:\/\/api.w.org\/{rel}","templated":true}]}}