{"id":242,"date":"2025-05-29T07:06:48","date_gmt":"2025-05-29T07:06:48","guid":{"rendered":"https:\/\/s3x.com.br\/shop\/?post_type=product&#038;p=242"},"modified":"2025-05-29T07:06:49","modified_gmt":"2025-05-29T07:06:49","slug":"gel-lubrificante-intimo-k-y-original-com-100g","status":"publish","type":"product","link":"https:\/\/s3x.com.br\/shop\/produto\/gel-lubrificante-intimo-k-y-original-com-100g\/","title":{"rendered":"Gel Lubrificante \u00cdntimo K-Y Original com 100g"},"content":{"rendered":"<h2>O que \u00e9 o Lubrificante \u00cdntimo K-Y Original?<\/h2>\n<p>O K-Y Original \u00e9 um gel para lubrifica\u00e7\u00e3o da regi\u00e3o \u00edntima.<\/p>\n<h2>Para que serve o Gel Lubrificante \u00cdntimo K-Y Original?<\/h2>\n<p>Indicado para uso em casos de secura da regi\u00e3o \u00edntima, o K-Y Original proporciona sensa\u00e7\u00e3o de lubrifica\u00e7\u00e3o natural, oferecendo mais conforto durante a rela\u00e7\u00e3o sexual, sem prejudicar a sensibilidade.<\/p>\n<p>Sua f\u00f3rmula de base aquosa n\u00e3o \u00e9 gordurosa, n\u00e3o tem cheiro e nem cor, n\u00e3o mancha e \u00e9 facilmente remov\u00edvel, sendo sol\u00favel em \u00e1gua.<\/p>\n<h2>Como usar o Lubrificante \u00cdntimo K-Y Original?<\/h2>\n<p>Aplique a quantidade desejada de Lubrificante K-Y Original diretamente sobre a \u00e1rea a ser lubrificada.<\/p>\n<h2>Benef\u00edcios e diferenciais<\/h2>\n<ul>\n<li>Seguro e discreto.<\/li>\n<li>Proporciona sensa\u00e7\u00e3o de lubrifica\u00e7\u00e3o natural.<\/li>\n<li>Oferece mais conforto durante a rela\u00e7\u00e3o sexual.<\/li>\n<li>N\u00e3o prejudica a sensibilidade.<\/li>\n<li>F\u00f3rmula de base aquosa.<\/li>\n<li>N\u00e3o possui perfume.<\/li>\n<li>N\u00e3o gorduroso.<\/li>\n<li>Transparente e sol\u00favel em \u00e1gua.<\/li>\n<li>Possui tampa flip-top, mais f\u00e1cil de abrir e fechar, e que mant\u00e9m o produto completamente vedado e sem riscos de vazamento.<\/li>\n<\/ul>\n<h2>Composi\u00e7\u00e3o<\/h2>\n<p>\u00c1gua, Glicerina, Propilenoglicol, Hidroxietilcelulose, Fosfato Monob\u00e1sico de S\u00f3dio, Metilparabeno, Fosfato Dib\u00e1sico de S\u00f3dio e Propilparabeno.<\/p>\n<h2>Advert\u00eancias<\/h2>\n<ul>\n<li>Uso t\u00f3pico (externo).<\/li>\n<li>N\u00e3o ingerir.<\/li>\n<li>Evite contato com os olhos. Caso haja contato, lave-os abundantemente.<\/li>\n<li>Se houver irrita\u00e7\u00e3o, suspenda o uso imediatamente e procure orienta\u00e7\u00e3o m\u00e9dica.<\/li>\n<li>Mantenha fora do alcance das crian\u00e7as.<\/li>\n<\/ul>\n","protected":false},"excerpt":{"rendered":"<p>O K-Y Original \u00e9 um gel para lubrifica\u00e7\u00e3o da regi\u00e3o \u00edntima.<\/p>\n","protected":false},"featured_media":244,"template":"","meta":[],"product_brand":[],"product_cat":[29],"product_tag":[],"class_list":{"0":"post-242","1":"product","2":"type-product","3":"status-publish","4":"has-post-thumbnail","6":"product_cat-lubrificantes","8":"first","9":"instock","10":"sale","11":"taxable","12":"shipping-taxable","13":"purchasable","14":"product-type-simple"},"jetpack_sharing_enabled":true,"_links":{"self":[{"href":"https:\/\/s3x.com.br\/shop\/wp-json\/wp\/v2\/product\/242","targetHints":{"allow":["GET"]}}],"collection":[{"href":"https:\/\/s3x.com.br\/shop\/wp-json\/wp\/v2\/product"}],"about":[{"href":"https:\/\/s3x.com.br\/shop\/wp-json\/wp\/v2\/types\/product"}],"wp:featuredmedia":[{"embeddable":true,"href":"https:\/\/s3x.com.br\/shop\/wp-json\/wp\/v2\/media\/244"}],"wp:attachment":[{"href":"https:\/\/s3x.com.br\/shop\/wp-json\/wp\/v2\/media?parent=242"}],"wp:term":[{"taxonomy":"product_brand","embeddable":true,"href":"https:\/\/s3x.com.br\/shop\/wp-json\/wp\/v2\/product_brand?post=242"},{"taxonomy":"product_cat","embeddable":true,"href":"https:\/\/s3x.com.br\/shop\/wp-json\/wp\/v2\/product_cat?post=242"},{"taxonomy":"product_tag","embeddable":true,"href":"https:\/\/s3x.com.br\/shop\/wp-json\/wp\/v2\/product_tag?post=242"}],"curies":[{"name":"wp","href":"https:\/\/api.w.org\/{rel}","templated":true}]}}