{"id":22,"date":"2025-04-11T17:02:11","date_gmt":"2025-04-11T17:02:11","guid":{"rendered":"https:\/\/s3x.com.br\/shop\/?p=22"},"modified":"2025-05-29T06:02:41","modified_gmt":"2025-05-29T06:02:41","slug":"bridal-dress","status":"publish","type":"product","link":"https:\/\/s3x.com.br\/shop\/produto\/bridal-dress\/","title":{"rendered":"Gel Lubrificante \u00cdntimo 2 em 1 K-Med (203g)"},"content":{"rendered":"<h2>O que \u00e9 Gel Lubrificante \u00cdntimo K-MED?<\/h2>\n<p>K-Med 2 em 1 serve tanto como lubrificante \u00edntimo, para tornar a penetra\u00e7\u00e3o mais f\u00e1cil e prazerosa durante a rela\u00e7\u00e3o sexual, quanto como gel massageador corporal, potencializando as sensa\u00e7\u00f5es de relaxamento. Sua f\u00f3rmula especial cont\u00e9m vitamina E, que proporciona um toque suave \u00e0 pele, al\u00e9m de base aquosa facilmente lav\u00e1vel e ideal para o uso com preservativo. Proporciona conforto e seguran\u00e7a na hora do sexo, sem perder a sensibilidade da regi\u00e3o \u00edntima.<\/p>\n<h2>Para que serve o Lubrificante \u00cdntimo K-MED?<\/h2>\n<p>A linha de lubrificantes \u00edntimos K-Med \u00e9 indicada para quem busca maior conforto durante a rela\u00e7\u00e3o sexual. Seu uso tamb\u00e9m \u00e9 ideal para mulheres que apresentam secura vaginal ou baixa lubrifica\u00e7\u00e3o. Desenvolvidos \u00e0 base de \u00e1gua, n\u00e3o causam irrita\u00e7\u00e3o, al\u00e9m de n\u00e3o interferirem na seguran\u00e7a do preservativo. Sua f\u00f3rmula \u00e9 sol\u00favel em \u00e1gua e n\u00e3o gordurosa, aproximando-se do aspecto natural de lubrifica\u00e7\u00e3o.<\/p>\n<h2>Como usar o Lubrificante \u00cdntimo K-MED?<\/h2>\n<p>Aplica\u00e7\u00e3o para lubrifica\u00e7\u00e3o:<\/p>\n<p>Aplique K-Med diretamente na \u00e1rea a ser lubrificada ou no preservativo. N\u00e3o h\u00e1 restri\u00e7\u00e3o quanto \u00e0 quantidade ou frequ\u00eancia de uso.<\/p>\n<p>Aplica\u00e7\u00e3o para massagem:<\/p>\n<p>Aplique K-Med 2 em 1 nas m\u00e3os ou na \u00e1rea a ser massageada. N\u00e3o h\u00e1 restri\u00e7\u00e3o quanto \u00e0 quantidade ou frequ\u00eancia de uso.<\/p>\n<h2>Recomenda\u00e7\u00f5es gerais<\/h2>\n<ul>\n<li>Conservar em local seco e fresco.<\/li>\n<li>Manter fora do alcance de crian\u00e7as.<\/li>\n<li>Suspenda o uso caso a pele na regi\u00e3o esteja lesionada.<\/li>\n<li>Ao perceber irrita\u00e7\u00e3o ou alergia no local da aplica\u00e7\u00e3o, interrompa o uso imediatamente e procure orienta\u00e7\u00e3o m\u00e9dica.<\/li>\n<\/ul>\n<h2>Composi\u00e7\u00e3o<\/h2>\n<p>\u00c1gua, Glic\u00f3is, Derivado de Celulose, e Metilparabeno.<\/p>\n","protected":false},"excerpt":{"rendered":"<p>ers\u00e1til, seguro e prazeroso, o <strong data-start=\"206\" data-end=\"222\">K-Med 2 em 1<\/strong> \u00e9 perfeito para quem busca conforto e sensa\u00e7\u00f5es intensas. Pode ser usado como <strong data-start=\"301\" data-end=\"324\">lubrificante \u00edntimo<\/strong>, facilitando a penetra\u00e7\u00e3o com mais suavidade e prazer, ou como <strong data-start=\"388\" data-end=\"416\">gel de massagem corporal<\/strong>, estimulando o relaxamento e a conex\u00e3o entre o casal. Sua f\u00f3rmula \u00e0 base de \u00e1gua \u00e9 <strong data-start=\"500\" data-end=\"537\">suave, n\u00e3o oleosa, f\u00e1cil de lavar<\/strong> e compat\u00edvel com o uso de preservativos. Enriquecido com <strong data-start=\"595\" data-end=\"609\">vitamina E<\/strong>, oferece um toque aveludado \u00e0 pele, preservando a sensibilidade da regi\u00e3o \u00edntima. Uma escolha inteligente para elevar o bem-estar, o carinho e a intimidade a outro n\u00edvel.<\/p>\n","protected":false},"featured_media":180,"template":"","meta":[],"product_brand":[],"product_cat":[29],"product_tag":[],"class_list":{"0":"post-22","1":"product","2":"type-product","3":"status-publish","4":"has-post-thumbnail","6":"product_cat-lubrificantes","8":"first","9":"instock","10":"sale","11":"taxable","12":"shipping-taxable","13":"purchasable","14":"product-type-simple"},"jetpack_sharing_enabled":true,"_links":{"self":[{"href":"https:\/\/s3x.com.br\/shop\/wp-json\/wp\/v2\/product\/22","targetHints":{"allow":["GET"]}}],"collection":[{"href":"https:\/\/s3x.com.br\/shop\/wp-json\/wp\/v2\/product"}],"about":[{"href":"https:\/\/s3x.com.br\/shop\/wp-json\/wp\/v2\/types\/product"}],"wp:featuredmedia":[{"embeddable":true,"href":"https:\/\/s3x.com.br\/shop\/wp-json\/wp\/v2\/media\/180"}],"wp:attachment":[{"href":"https:\/\/s3x.com.br\/shop\/wp-json\/wp\/v2\/media?parent=22"}],"wp:term":[{"taxonomy":"product_brand","embeddable":true,"href":"https:\/\/s3x.com.br\/shop\/wp-json\/wp\/v2\/product_brand?post=22"},{"taxonomy":"product_cat","embeddable":true,"href":"https:\/\/s3x.com.br\/shop\/wp-json\/wp\/v2\/product_cat?post=22"},{"taxonomy":"product_tag","embeddable":true,"href":"https:\/\/s3x.com.br\/shop\/wp-json\/wp\/v2\/product_tag?post=22"}],"curies":[{"name":"wp","href":"https:\/\/api.w.org\/{rel}","templated":true}]}}