{"id":198,"date":"2025-05-29T06:16:17","date_gmt":"2025-05-29T06:16:17","guid":{"rendered":"https:\/\/s3x.com.br\/shop\/?post_type=product&#038;p=198"},"modified":"2025-05-29T06:17:35","modified_gmt":"2025-05-29T06:17:35","slug":"gel-lubrificante-intimo-k-med-com-100g","status":"publish","type":"product","link":"https:\/\/s3x.com.br\/shop\/produto\/gel-lubrificante-intimo-k-med-com-100g\/","title":{"rendered":"Gel Lubrificante \u00cdntimo K-MED com 100g"},"content":{"rendered":"<h2>O que \u00e9 Gel Lubrificante \u00cdntimo K-MED?<\/h2>\n<p>K-Med \u00e9 um lubrificante \u00edntimo em gel, que serve para tornar a penetra\u00e7\u00e3o mais f\u00e1cil e prazerosa durante a rela\u00e7\u00e3o sexual. Sua f\u00f3rmula especial cont\u00e9m vitamina E, que proporciona um toque suave \u00e0 pele, al\u00e9m de base aquosa facilmente lav\u00e1vel e ideal para o uso com preservativo. Proporciona conforto e seguran\u00e7a na hora do sexo, sem perder a sensibilidade da regi\u00e3o \u00edntima.<\/p>\n<h2>Para que serve o Lubrificante \u00cdntimo K-MED?<\/h2>\n<p>A linha de lubrificantes \u00edntimos K-Med \u00e9 indicada para quem busca maior conforto durante a rela\u00e7\u00e3o sexual. Seu uso tamb\u00e9m \u00e9 ideal para mulheres que apresentam secura vaginal ou baixa lubrifica\u00e7\u00e3o.<\/p>\n<p>Desenvolvidos \u00e0 base de \u00e1gua, n\u00e3o causam irrita\u00e7\u00e3o, al\u00e9m de n\u00e3o interferirem na seguran\u00e7a do preservativo. Sua f\u00f3rmula \u00e9 sol\u00favel em \u00e1gua e n\u00e3o gordurosa, aproximando-se do aspecto natural de lubrifica\u00e7\u00e3o.<\/p>\n<h2>Como usar o Lubrificante \u00cdntimo K-MED?<\/h2>\n<p>Aplique K-Med diretamente na \u00e1rea a ser lubrificada ou no preservativo. N\u00e3o h\u00e1 restri\u00e7\u00e3o quanto \u00e0 quantidade ou frequ\u00eancia de uso.<\/p>\n<h2>Composi\u00e7\u00e3o<\/h2>\n<p>\u00c1gua, Glic\u00f3is, Derivado de Celulose, e Metilparabeno.<\/p>\n<h2>Recomenda\u00e7\u00f5es gerais<\/h2>\n<ul>\n<li>Conservar em local seco e fresco.<\/li>\n<li>Manter fora do alcance de crian\u00e7as.<\/li>\n<li>Suspenda o uso caso a pele na regi\u00e3o esteja lesionada.<\/li>\n<li>Ao perceber irrita\u00e7\u00e3o ou alergia no local da aplica\u00e7\u00e3o, interrompa o uso imediatamente e procure orienta\u00e7\u00e3o m\u00e9dica.<\/li>\n<\/ul>\n","protected":false},"excerpt":{"rendered":"<p>K-Med \u00e9 um lubrificante \u00edntimo em gel, que serve para tornar a penetra\u00e7\u00e3o mais f\u00e1cil e prazerosa durante a rela\u00e7\u00e3o sexual. Sua f\u00f3rmula especial cont\u00e9m vitamina E, que proporciona um toque suave \u00e0 pele, al\u00e9m de base aquosa facilmente lav\u00e1vel e ideal para o uso com preservativo. Proporciona conforto e seguran\u00e7a na hora do sexo, sem perder a sensibilidade da regi\u00e3o \u00edntima.<\/p>\n","protected":false},"featured_media":203,"template":"","meta":[],"product_brand":[],"product_cat":[29],"product_tag":[],"class_list":{"0":"post-198","1":"product","2":"type-product","3":"status-publish","4":"has-post-thumbnail","6":"product_cat-lubrificantes","8":"first","9":"instock","10":"sale","11":"taxable","12":"shipping-taxable","13":"purchasable","14":"product-type-simple"},"jetpack_sharing_enabled":true,"_links":{"self":[{"href":"https:\/\/s3x.com.br\/shop\/wp-json\/wp\/v2\/product\/198","targetHints":{"allow":["GET"]}}],"collection":[{"href":"https:\/\/s3x.com.br\/shop\/wp-json\/wp\/v2\/product"}],"about":[{"href":"https:\/\/s3x.com.br\/shop\/wp-json\/wp\/v2\/types\/product"}],"wp:featuredmedia":[{"embeddable":true,"href":"https:\/\/s3x.com.br\/shop\/wp-json\/wp\/v2\/media\/203"}],"wp:attachment":[{"href":"https:\/\/s3x.com.br\/shop\/wp-json\/wp\/v2\/media?parent=198"}],"wp:term":[{"taxonomy":"product_brand","embeddable":true,"href":"https:\/\/s3x.com.br\/shop\/wp-json\/wp\/v2\/product_brand?post=198"},{"taxonomy":"product_cat","embeddable":true,"href":"https:\/\/s3x.com.br\/shop\/wp-json\/wp\/v2\/product_cat?post=198"},{"taxonomy":"product_tag","embeddable":true,"href":"https:\/\/s3x.com.br\/shop\/wp-json\/wp\/v2\/product_tag?post=198"}],"curies":[{"name":"wp","href":"https:\/\/api.w.org\/{rel}","templated":true}]}}