{"id":195,"date":"2025-05-29T06:09:35","date_gmt":"2025-05-29T06:09:35","guid":{"rendered":"https:\/\/s3x.com.br\/shop\/?post_type=product&#038;p=195"},"modified":"2025-05-29T06:09:35","modified_gmt":"2025-05-29T06:09:35","slug":"confort-gel-lubrificante-para-sexo-anal-dessensibilizante-anestesico-intimo","status":"publish","type":"product","link":"https:\/\/s3x.com.br\/shop\/produto\/confort-gel-lubrificante-para-sexo-anal-dessensibilizante-anestesico-intimo\/","title":{"rendered":"Confort &#8211; Gel Lubrificante Para Sexo Anal Dessensibilizante Anest\u00e9sico \u00cdntimo"},"content":{"rendered":"<p><strong>Confort &#8211; Gel Dessensibilizante para Sexo Anal &#8211; 15g<\/strong><\/p>\n<p>Gel lubrificante \u00edntimo. O Confort da Sexy Hot \u00e9 um Dessensibilizante Anal que ajuda a lubrificar e tirar o desconforto anal durante a rela\u00e7\u00e3o sexual.<\/p>\n<p>O Confort foi desenvolvido para quem gosta de intensidade, criatividade e rela\u00e7\u00e3o sexual anal. Ele possui a\u00e7\u00e3o dessensibilizante e sua f\u00f3rmula \u00e9 um blend de mat\u00e9rias-primas que auxiliam na hidrata\u00e7\u00e3o e lubrifica\u00e7\u00e3o da regi\u00e3o, amenizando o desconforto para o sexo anal, deixando o seu momento muito mais gostoso e prazeroso.<\/p>\n<p><strong>Modo de uso:<\/strong>\u00a0Aplicar sobre a pele com a ponta dos dedos, massageando at\u00e9 desaparecer.<\/p>\n<p><strong>Precau\u00e7\u00f5es<\/strong>: N\u00e3o usar em regi\u00f5es com les\u00f5es, lacera\u00e7\u00f5es ou inflama\u00e7\u00f5es. Em caso de contato com os olhos, enx\u00e1gue-os com \u00e1gua em abund\u00e2ncia. Manter o produto em lugar fresco e ao abrigo do calor e da luz. Mantenha fora do alcance de crian\u00e7as. N\u00e3o reutilizar a embalagem. Uso externo<\/p>\n","protected":false},"excerpt":{"rendered":"<h3 class=\"product-description-title\">Conselho de Aplica\u00e7\u00e3o<\/h3>\n<div class=\"product-description-content\">\n<p>Aplique na regi\u00e3o desejada e massageie suavemente. Voc\u00ea sentir\u00e1 o efeito em poucos segundos.<\/p>\n<\/div>\n","protected":false},"featured_media":196,"template":"","meta":[],"product_brand":[],"product_cat":[29],"product_tag":[],"class_list":{"0":"post-195","1":"product","2":"type-product","3":"status-publish","4":"has-post-thumbnail","6":"product_cat-lubrificantes","8":"first","9":"instock","10":"sale","11":"taxable","12":"shipping-taxable","13":"purchasable","14":"product-type-simple"},"jetpack_sharing_enabled":true,"_links":{"self":[{"href":"https:\/\/s3x.com.br\/shop\/wp-json\/wp\/v2\/product\/195","targetHints":{"allow":["GET"]}}],"collection":[{"href":"https:\/\/s3x.com.br\/shop\/wp-json\/wp\/v2\/product"}],"about":[{"href":"https:\/\/s3x.com.br\/shop\/wp-json\/wp\/v2\/types\/product"}],"wp:featuredmedia":[{"embeddable":true,"href":"https:\/\/s3x.com.br\/shop\/wp-json\/wp\/v2\/media\/196"}],"wp:attachment":[{"href":"https:\/\/s3x.com.br\/shop\/wp-json\/wp\/v2\/media?parent=195"}],"wp:term":[{"taxonomy":"product_brand","embeddable":true,"href":"https:\/\/s3x.com.br\/shop\/wp-json\/wp\/v2\/product_brand?post=195"},{"taxonomy":"product_cat","embeddable":true,"href":"https:\/\/s3x.com.br\/shop\/wp-json\/wp\/v2\/product_cat?post=195"},{"taxonomy":"product_tag","embeddable":true,"href":"https:\/\/s3x.com.br\/shop\/wp-json\/wp\/v2\/product_tag?post=195"}],"curies":[{"name":"wp","href":"https:\/\/api.w.org\/{rel}","templated":true}]}}