{"id":137,"date":"2025-05-10T03:01:02","date_gmt":"2025-05-10T03:01:02","guid":{"rendered":"https:\/\/s3x.com.br\/shop\/?post_type=product&#038;p=137"},"modified":"2026-04-04T23:39:52","modified_gmt":"2026-04-04T23:39:52","slug":"baralho-erotico","status":"publish","type":"product","link":"https:\/\/s3x.com.br\/shop\/produto\/baralho-erotico\/","title":{"rendered":"Baralho er\u00f3tico"},"content":{"rendered":"<p><strong>Descubra o Prazer de Jogar com Nosso Baralho Er\u00f3tico<\/strong><\/p>\n<p data-start=\"157\" data-end=\"444\">Descubra uma nova forma de viver o prazer e transformar momentos \u00edntimos em experi\u00eancias inesquec\u00edveis. Desenvolvido para quem busca sair da rotina e explorar novas sensa\u00e7\u00f5es, este produto convida voc\u00ea e seu parceiro(a) a mergulharem em um universo de desejo, cumplicidade e descobertas.<\/p>\n<p data-start=\"446\" data-end=\"772\">Com propostas envolventes e est\u00edmulos pensados para despertar a imagina\u00e7\u00e3o, ele \u00e9 ideal tanto para quem est\u00e1 come\u00e7ando a explorar novas possibilidades quanto para quem j\u00e1 deseja elevar o n\u00edvel da intimidade. Cada detalhe foi criado para intensificar a conex\u00e3o, provocar emo\u00e7\u00f5es e tornar cada encontro mais intenso e memor\u00e1vel.<\/p>\n<p data-start=\"774\" data-end=\"938\">Surpreenda, ouse e permita-se experimentar algo novo com total liberdade e conforto. Porque prazer n\u00e3o \u00e9 apenas sentir \u2014 \u00e9 viver, explorar e se entregar ao momento.<\/p>\n<p>&nbsp;<\/p>\n","protected":false},"excerpt":{"rendered":"<p data-start=\"157\" data-end=\"444\">Descubra uma nova forma de viver o prazer e transformar momentos \u00edntimos em experi\u00eancias inesquec\u00edveis. Desenvolvido para quem busca sair da rotina e explorar novas sensa\u00e7\u00f5es, este produto convida voc\u00ea e seu parceiro(a) a mergulharem em um universo de desejo, cumplicidade e descobertas.<\/p>\n<p data-start=\"446\" data-end=\"772\">Com propostas envolventes e est\u00edmulos pensados para despertar a imagina\u00e7\u00e3o, ele \u00e9 ideal tanto para quem est\u00e1 come\u00e7ando a explorar novas possibilidades quanto para quem j\u00e1 deseja elevar o n\u00edvel da intimidade. Cada detalhe foi criado para intensificar a conex\u00e3o, provocar emo\u00e7\u00f5es e tornar cada encontro mais intenso e memor\u00e1vel.<\/p>\n<p data-start=\"774\" data-end=\"938\">Surpreenda, ouse e permita-se experimentar algo novo com total liberdade e conforto. Porque prazer n\u00e3o \u00e9 apenas sentir \u2014 \u00e9 viver, explorar e se entregar ao momento.<\/p>\n","protected":false},"featured_media":138,"template":"","meta":[],"product_brand":[],"product_cat":[28],"product_tag":[],"class_list":{"0":"post-137","1":"product","2":"type-product","3":"status-publish","4":"has-post-thumbnail","6":"product_cat-presentes_sensuais","8":"first","9":"instock","10":"purchasable","11":"product-type-simple"},"jetpack_sharing_enabled":true,"_links":{"self":[{"href":"https:\/\/s3x.com.br\/shop\/wp-json\/wp\/v2\/product\/137","targetHints":{"allow":["GET"]}}],"collection":[{"href":"https:\/\/s3x.com.br\/shop\/wp-json\/wp\/v2\/product"}],"about":[{"href":"https:\/\/s3x.com.br\/shop\/wp-json\/wp\/v2\/types\/product"}],"wp:featuredmedia":[{"embeddable":true,"href":"https:\/\/s3x.com.br\/shop\/wp-json\/wp\/v2\/media\/138"}],"wp:attachment":[{"href":"https:\/\/s3x.com.br\/shop\/wp-json\/wp\/v2\/media?parent=137"}],"wp:term":[{"taxonomy":"product_brand","embeddable":true,"href":"https:\/\/s3x.com.br\/shop\/wp-json\/wp\/v2\/product_brand?post=137"},{"taxonomy":"product_cat","embeddable":true,"href":"https:\/\/s3x.com.br\/shop\/wp-json\/wp\/v2\/product_cat?post=137"},{"taxonomy":"product_tag","embeddable":true,"href":"https:\/\/s3x.com.br\/shop\/wp-json\/wp\/v2\/product_tag?post=137"}],"curies":[{"name":"wp","href":"https:\/\/api.w.org\/{rel}","templated":true}]}}