{"id":39,"date":"2025-04-11T17:08:40","date_gmt":"2025-04-11T17:08:40","guid":{"rendered":"https:\/\/s3x.com.br\/shop\/carrinho\/"},"modified":"2025-05-10T04:34:17","modified_gmt":"2025-05-10T04:34:17","slug":"carrinho","status":"publish","type":"page","link":"https:\/\/s3x.com.br\/shop\/carrinho\/","title":{"rendered":"Carrinho"},"content":{"rendered":"\n<div data-block-name=\"woocommerce\/cart\" class=\"wp-block-woocommerce-cart alignwide is-loading\">\n<div data-block-name=\"woocommerce\/filled-cart-block\" class=\"wp-block-woocommerce-filled-cart-block\">\n<div data-block-name=\"woocommerce\/cart-items-block\" class=\"wp-block-woocommerce-cart-items-block\">\n<div data-block-name=\"woocommerce\/cart-line-items-block\" class=\"wp-block-woocommerce-cart-line-items-block\"><\/div>\n\n\n\n<div data-block-name=\"woocommerce\/cart-cross-sells-block\" class=\"wp-block-woocommerce-cart-cross-sells-block\">\n<h2 class=\"wp-block-heading has-large-font-size\">Pode estar interessado em\u2026<\/h2>\n\n\n\n<div data-block-name=\"woocommerce\/cart-cross-sells-products-block\" class=\"wp-block-woocommerce-cart-cross-sells-products-block\"><\/div>\n<\/div>\n<\/div>\n\n\n\n<div data-block-name=\"woocommerce\/cart-totals-block\" class=\"wp-block-woocommerce-cart-totals-block\">\n<div data-block-name=\"woocommerce\/cart-order-summary-block\" class=\"wp-block-woocommerce-cart-order-summary-block\">\n<div data-block-name=\"woocommerce\/cart-order-summary-heading-block\" class=\"wp-block-woocommerce-cart-order-summary-heading-block\"><\/div><div data-block-name=\"woocommerce\/cart-order-summary-coupon-form-block\" class=\"wp-block-woocommerce-cart-order-summary-coupon-form-block\"><\/div><div data-block-name=\"woocommerce\/cart-order-summary-totals-block\" class=\"wp-block-woocommerce-cart-order-summary-totals-block\">\n<div data-block-name=\"woocommerce\/cart-order-summary-subtotal-block\" class=\"wp-block-woocommerce-cart-order-summary-subtotal-block\"><\/div>\n<div data-block-name=\"woocommerce\/cart-order-summary-discount-block\" class=\"wp-block-woocommerce-cart-order-summary-discount-block\"><\/div>\n<div data-block-name=\"woocommerce\/cart-order-summary-fee-block\" class=\"wp-block-woocommerce-cart-order-summary-fee-block\"><\/div>\n<div data-block-name=\"woocommerce\/cart-order-summary-shipping-block\" class=\"wp-block-woocommerce-cart-order-summary-shipping-block\"><\/div>\n<div data-block-name=\"woocommerce\/cart-order-summary-taxes-block\" class=\"wp-block-woocommerce-cart-order-summary-taxes-block\"><\/div><\/div>\n<\/div>\n\n\n\n<div data-block-name=\"woocommerce\/cart-express-payment-block\" class=\"wp-block-woocommerce-cart-express-payment-block\"><\/div>\n\n\n\n<div data-block-name=\"woocommerce\/proceed-to-checkout-block\" class=\"wp-block-woocommerce-proceed-to-checkout-block\"><\/div>\n\n\n\n<div data-block-name=\"woocommerce\/cart-accepted-payment-methods-block\" class=\"wp-block-woocommerce-cart-accepted-payment-methods-block\"><\/div>\n<\/div>\n<\/div>\n\n\n\n<div data-block-name=\"woocommerce\/empty-cart-block\" class=\"wp-block-woocommerce-empty-cart-block\">\n<h2 class=\"wp-block-heading has-text-align-center with-empty-cart-icon wc-block-cart__empty-cart__title\">O seu carrinho est\u00e1 vazio!<\/h2>\n\n\n\n<hr class=\"wp-block-separator has-alpha-channel-opacity is-style-dots\"\/>\n\n\n\n<h2 class=\"wp-block-heading has-text-align-center\">Novo na loja<\/h2>\n\n\n<div data-block-name=\"woocommerce\/product-new\" data-columns=\"4\" data-rows=\"1\" class=\"wc-block-grid wp-block-product-new wp-block-woocommerce-product-new wc-block-product-new has-4-columns\"><ul class=\"wc-block-grid__products\"><li class=\"wc-block-grid__product\">\n\t\t\t\t<a href=\"https:\/\/s3x.com.br\/shop\/produto\/fio-dental-hot-vermelho-frases-brilha-pimenta-sexy\/\" class=\"wc-block-grid__product-link\">\n\t\t\t\t\t\n\t\t\t\t\t<div class=\"wc-block-grid__product-image\"><img loading=\"lazy\" decoding=\"async\" width=\"300\" height=\"300\" src=\"https:\/\/s3x.com.br\/shop\/wp-content\/uploads\/2026\/04\/Design-sem-nome-85-300x300.png\" class=\"attachment-woocommerce_thumbnail size-woocommerce_thumbnail\" alt=\"FIO DENTAL HOT VERMELHO FRASES BRILHA PIMENTA SEXY\" srcset=\"https:\/\/s3x.com.br\/shop\/wp-content\/uploads\/2026\/04\/Design-sem-nome-85-300x300.png 300w, https:\/\/s3x.com.br\/shop\/wp-content\/uploads\/2026\/04\/Design-sem-nome-85-150x150.png 150w, https:\/\/s3x.com.br\/shop\/wp-content\/uploads\/2026\/04\/Design-sem-nome-85-100x100.png 100w, https:\/\/s3x.com.br\/shop\/wp-content\/uploads\/2026\/04\/Design-sem-nome-85.png 600w\" sizes=\"auto, (max-width: 300px) 100vw, 300px\" \/><\/div>\n\t\t\t\t\t<div class=\"wc-block-grid__product-title\">FIO DENTAL HOT VERMELHO FRASES BRILHA PIMENTA SEXY<\/div>\n\t\t\t\t<\/a>\n\t\t\t\t<div class=\"wc-block-grid__product-price price\"><span class=\"woocommerce-Price-amount amount\"><span class=\"woocommerce-Price-currencySymbol\">&#082;&#036;<\/span>&nbsp;21,90<\/span><\/div>\n\t\t\t\t\n\t\t\t\t<div class=\"wp-block-button wc-block-grid__product-add-to-cart\"><a href=\"\/shop\/wp-json\/wp\/v2\/pages\/39?add-to-cart=675\" aria-label=\"Adiciona ao carrinho: &ldquo;FIO DENTAL HOT VERMELHO FRASES BRILHA PIMENTA SEXY&rdquo;\" data-quantity=\"1\" data-product_id=\"675\" data-product_sku=\"\" data-price=\"21.9\" rel=\"nofollow\" class=\"wp-block-button__link  add_to_cart_button ajax_add_to_cart\">Adicionar<\/a><\/div>\n\t\t\t<\/li><li class=\"wc-block-grid__product\">\n\t\t\t\t<a href=\"https:\/\/s3x.com.br\/shop\/produto\/karamela-tapa-sexo-coracao-comestivel-hot-flowers\/\" class=\"wc-block-grid__product-link\">\n\t\t\t\t\t\n\t\t\t\t\t<div class=\"wc-block-grid__product-image\"><img loading=\"lazy\" decoding=\"async\" width=\"300\" height=\"300\" src=\"https:\/\/s3x.com.br\/shop\/wp-content\/uploads\/2026\/04\/Design-sem-nome-83-300x300.png\" class=\"attachment-woocommerce_thumbnail size-woocommerce_thumbnail\" alt=\"KARAMELA TAPA SEXO CORA\u00c7\u00c3O COMEST\u00cdVEL HOT FLOWERS\" srcset=\"https:\/\/s3x.com.br\/shop\/wp-content\/uploads\/2026\/04\/Design-sem-nome-83-300x300.png 300w, https:\/\/s3x.com.br\/shop\/wp-content\/uploads\/2026\/04\/Design-sem-nome-83-150x150.png 150w, https:\/\/s3x.com.br\/shop\/wp-content\/uploads\/2026\/04\/Design-sem-nome-83-100x100.png 100w, https:\/\/s3x.com.br\/shop\/wp-content\/uploads\/2026\/04\/Design-sem-nome-83.png 600w\" sizes=\"auto, (max-width: 300px) 100vw, 300px\" \/><\/div>\n\t\t\t\t\t<div class=\"wc-block-grid__product-title\">KARAMELA TAPA SEXO CORA\u00c7\u00c3O COMEST\u00cdVEL HOT FLOWERS<\/div>\n\t\t\t\t<\/a>\n\t\t\t\t<div class=\"wc-block-grid__product-price price\"><span class=\"woocommerce-Price-amount amount\"><span class=\"woocommerce-Price-currencySymbol\">&#082;&#036;<\/span>&nbsp;19,90<\/span><\/div>\n\t\t\t\t\n\t\t\t\t<div class=\"wp-block-button wc-block-grid__product-add-to-cart\"><a href=\"\/shop\/wp-json\/wp\/v2\/pages\/39?add-to-cart=668\" aria-label=\"Adiciona ao carrinho: &ldquo;KARAMELA TAPA SEXO CORA\u00c7\u00c3O COMEST\u00cdVEL HOT FLOWERS&rdquo;\" data-quantity=\"1\" data-product_id=\"668\" data-product_sku=\"\" data-price=\"19.9\" rel=\"nofollow\" class=\"wp-block-button__link  add_to_cart_button ajax_add_to_cart\">Adicionar<\/a><\/div>\n\t\t\t<\/li><li class=\"wc-block-grid__product\">\n\t\t\t\t<a href=\"https:\/\/s3x.com.br\/shop\/produto\/mascara-tecido-tiras-para-amarrar-vipmix\/\" class=\"wc-block-grid__product-link\">\n\t\t\t\t\t\n\t\t\t\t\t<div class=\"wc-block-grid__product-image\"><img loading=\"lazy\" decoding=\"async\" width=\"300\" height=\"300\" src=\"https:\/\/s3x.com.br\/shop\/wp-content\/uploads\/2026\/04\/Design-sem-nome-82-300x300.png\" class=\"attachment-woocommerce_thumbnail size-woocommerce_thumbnail\" alt=\"M\u00c1SCARA TECIDO TIRAS PARA AMARRAR VIPMIX\" srcset=\"https:\/\/s3x.com.br\/shop\/wp-content\/uploads\/2026\/04\/Design-sem-nome-82-300x300.png 300w, https:\/\/s3x.com.br\/shop\/wp-content\/uploads\/2026\/04\/Design-sem-nome-82-150x150.png 150w, https:\/\/s3x.com.br\/shop\/wp-content\/uploads\/2026\/04\/Design-sem-nome-82-100x100.png 100w, https:\/\/s3x.com.br\/shop\/wp-content\/uploads\/2026\/04\/Design-sem-nome-82.png 600w\" sizes=\"auto, (max-width: 300px) 100vw, 300px\" \/><\/div>\n\t\t\t\t\t<div class=\"wc-block-grid__product-title\">M\u00c1SCARA TECIDO TIRAS PARA AMARRAR VIPMIX<\/div>\n\t\t\t\t<\/a>\n\t\t\t\t<div class=\"wc-block-grid__product-price price\"><span class=\"woocommerce-Price-amount amount\"><span class=\"woocommerce-Price-currencySymbol\">&#082;&#036;<\/span>&nbsp;18,90<\/span><\/div>\n\t\t\t\t\n\t\t\t\t<div class=\"wp-block-button wc-block-grid__product-add-to-cart\"><a href=\"\/shop\/wp-json\/wp\/v2\/pages\/39?add-to-cart=664\" aria-label=\"Adiciona ao carrinho: &ldquo;M\u00c1SCARA TECIDO TIRAS PARA AMARRAR VIPMIX&rdquo;\" data-quantity=\"1\" data-product_id=\"664\" data-product_sku=\"\" data-price=\"18.9\" rel=\"nofollow\" class=\"wp-block-button__link  add_to_cart_button ajax_add_to_cart\">Adicionar<\/a><\/div>\n\t\t\t<\/li><li class=\"wc-block-grid__product\">\n\t\t\t\t<a href=\"https:\/\/s3x.com.br\/shop\/produto\/meia-7-8-arrastao-punho-renda-perrutextil\/\" class=\"wc-block-grid__product-link\">\n\t\t\t\t\t\n\t\t\t\t\t<div class=\"wc-block-grid__product-image\"><img loading=\"lazy\" decoding=\"async\" width=\"300\" height=\"300\" src=\"https:\/\/s3x.com.br\/shop\/wp-content\/uploads\/2026\/04\/Design-sem-nome-80-300x300.png\" class=\"attachment-woocommerce_thumbnail size-woocommerce_thumbnail\" alt=\"MEIA 7\/8 ARRAST\u00c3O PUNHO RENDA PERRUTEXTIL\" srcset=\"https:\/\/s3x.com.br\/shop\/wp-content\/uploads\/2026\/04\/Design-sem-nome-80-300x300.png 300w, https:\/\/s3x.com.br\/shop\/wp-content\/uploads\/2026\/04\/Design-sem-nome-80-150x150.png 150w, https:\/\/s3x.com.br\/shop\/wp-content\/uploads\/2026\/04\/Design-sem-nome-80-100x100.png 100w, https:\/\/s3x.com.br\/shop\/wp-content\/uploads\/2026\/04\/Design-sem-nome-80.png 600w\" sizes=\"auto, (max-width: 300px) 100vw, 300px\" \/><\/div>\n\t\t\t\t\t<div class=\"wc-block-grid__product-title\">MEIA 7\/8 ARRAST\u00c3O PUNHO RENDA PERRUTEXTIL<\/div>\n\t\t\t\t<\/a>\n\t\t\t\t<div class=\"wc-block-grid__product-price price\"><span class=\"woocommerce-Price-amount amount\"><span class=\"woocommerce-Price-currencySymbol\">&#082;&#036;<\/span>&nbsp;24,90<\/span><\/div>\n\t\t\t\t\n\t\t\t\t<div class=\"wp-block-button wc-block-grid__product-add-to-cart\"><a href=\"\/shop\/wp-json\/wp\/v2\/pages\/39?add-to-cart=660\" aria-label=\"Adiciona ao carrinho: &ldquo;MEIA 7\/8 ARRAST\u00c3O PUNHO RENDA PERRUTEXTIL&rdquo;\" data-quantity=\"1\" data-product_id=\"660\" data-product_sku=\"\" data-price=\"24.9\" rel=\"nofollow\" class=\"wp-block-button__link  add_to_cart_button ajax_add_to_cart\">Adicionar<\/a><\/div>\n\t\t\t<\/li><\/ul><\/div><\/div>\n<\/div>\n","protected":false},"excerpt":{"rendered":"","protected":false},"author":1,"featured_media":0,"parent":0,"menu_order":0,"comment_status":"closed","ping_status":"closed","template":"","meta":{"footnotes":""},"class_list":["post-39","page","type-page","status-publish","hentry"],"jetpack_sharing_enabled":true,"_links":{"self":[{"href":"https:\/\/s3x.com.br\/shop\/wp-json\/wp\/v2\/pages\/39","targetHints":{"allow":["GET"]}}],"collection":[{"href":"https:\/\/s3x.com.br\/shop\/wp-json\/wp\/v2\/pages"}],"about":[{"href":"https:\/\/s3x.com.br\/shop\/wp-json\/wp\/v2\/types\/page"}],"author":[{"embeddable":true,"href":"https:\/\/s3x.com.br\/shop\/wp-json\/wp\/v2\/users\/1"}],"replies":[{"embeddable":true,"href":"https:\/\/s3x.com.br\/shop\/wp-json\/wp\/v2\/comments?post=39"}],"version-history":[{"count":1,"href":"https:\/\/s3x.com.br\/shop\/wp-json\/wp\/v2\/pages\/39\/revisions"}],"predecessor-version":[{"id":120,"href":"https:\/\/s3x.com.br\/shop\/wp-json\/wp\/v2\/pages\/39\/revisions\/120"}],"wp:attachment":[{"href":"https:\/\/s3x.com.br\/shop\/wp-json\/wp\/v2\/media?parent=39"}],"curies":[{"name":"wp","href":"https:\/\/api.w.org\/{rel}","templated":true}]}}